{"id":892,"date":"2023-03-14T15:29:19","date_gmt":"2023-03-14T14:29:19","guid":{"rendered":"https:\/\/mbaadvocats.com\/familia-i-successions\/"},"modified":"2023-03-31T11:03:20","modified_gmt":"2023-03-31T09:03:20","slug":"familia-y-sucesiones","status":"publish","type":"page","link":"https:\/\/mbaadvocats.com\/es\/familia-y-sucesiones\/","title":{"rendered":"Familia y sucesiones"},"content":{"rendered":"<style>.kb-row-layout-id_498222-1a > .kt-row-column-wrap{align-content:start;}:where(.kb-row-layout-id_498222-1a > .kt-row-column-wrap) > .wp-block-kadence-column{justify-content:start;}.kb-row-layout-id_498222-1a > .kt-row-column-wrap{column-gap:100px;row-gap:0px;max-width:1800px;margin-left:auto;margin-right:auto;padding-top:0px;padding-right:70px;padding-bottom:0px;padding-left:70px;grid-template-columns:repeat(2, minmax(0, 1fr));}.kb-row-layout-id_498222-1a > .kt-row-layout-overlay{opacity:0.30;}@media all and (max-width: 1024px){.kb-row-layout-id_498222-1a > .kt-row-column-wrap{grid-template-columns:repeat(2, minmax(0, 1fr));}}@media all and (max-width: 767px){.kb-row-layout-id_498222-1a > .kt-row-column-wrap{grid-template-columns:minmax(0, 1fr);}}<\/style><div class=\"kb-row-layout-wrap kb-row-layout-id_498222-1a alignfull box--header subhome actualitat pagina--final wp-block-kadence-rowlayout\"><div class=\"kt-row-column-wrap kt-has-2-columns kt-row-layout-equal kt-tab-layout-inherit kt-mobile-layout-row kt-row-valign-top\">\n<style>.kadence-column_f92d48-a4 > .kt-inside-inner-col,.kadence-column_f92d48-a4 > .kt-inside-inner-col:before{border-top-left-radius:0px;border-top-right-radius:0px;border-bottom-right-radius:0px;border-bottom-left-radius:0px;}.kadence-column_f92d48-a4 > .kt-inside-inner-col{column-gap:var(--global-kb-gap-sm, 1rem);}.kadence-column_f92d48-a4 > .kt-inside-inner-col{flex-direction:column;}.kadence-column_f92d48-a4 > .kt-inside-inner-col > .aligncenter{width:100%;}.kadence-column_f92d48-a4 > .kt-inside-inner-col:before{opacity:0.3;}.kadence-column_f92d48-a4{position:relative;}@media all and (max-width: 1024px){.kadence-column_f92d48-a4 > .kt-inside-inner-col{flex-direction:column;justify-content:center;}}@media all and (max-width: 767px){.kadence-column_f92d48-a4 > .kt-inside-inner-col{flex-direction:column;justify-content:center;}}<\/style>\n<div class=\"wp-block-kadence-column kadence-column_f92d48-a4 retol--filet\"><div class=\"kt-inside-inner-col\"><style>.wp-block-kadence-spacer.kt-block-spacer-_dc53b4-e4 .kt-block-spacer{height:10px;}.wp-block-kadence-spacer.kt-block-spacer-_dc53b4-e4 .kt-divider{border-top-width:3px;height:1px;border-top-color:#000000;width:100%;border-top-style:solid;}<\/style>\n<div class=\"wp-block-kadence-spacer aligncenter kt-block-spacer-_dc53b4-e4 filet animated slideInLeft\"><div class=\"kt-block-spacer kt-block-spacer-halign-center\"><hr class=\"kt-divider\"\/><\/div><\/div>\n\n\n<h1 class=\"animated fadeIn delay-500ms slower wp-block-post-title\">Familia y sucesiones<\/h1>\n\n<style>.wp-block-kadence-advancedheading.kt-adv-heading_b13e9a-67, .wp-block-kadence-advancedheading.kt-adv-heading_b13e9a-67[data-kb-block=\"kb-adv-heading_b13e9a-67\"]{font-style:normal;}.wp-block-kadence-advancedheading.kt-adv-heading_b13e9a-67 mark.kt-highlight, .wp-block-kadence-advancedheading.kt-adv-heading_b13e9a-67[data-kb-block=\"kb-adv-heading_b13e9a-67\"] mark.kt-highlight{font-style:normal;color:#f76a0c;-webkit-box-decoration-break:clone;box-decoration-break:clone;padding-top:0px;padding-right:0px;padding-bottom:0px;padding-left:0px;}.wp-block-kadence-advancedheading.kt-adv-heading_b13e9a-67 img.kb-inline-image, .wp-block-kadence-advancedheading.kt-adv-heading_b13e9a-67[data-kb-block=\"kb-adv-heading_b13e9a-67\"] img.kb-inline-image{width:150px;vertical-align:baseline;}<\/style>\n<h2 class=\"kt-adv-heading_b13e9a-67 animated fadeIn slower delay-500ms wp-block-kadence-advancedheading\" data-kb-block=\"kb-adv-heading_b13e9a-67\">Asesoramiento en familia y sucesiones, rama del derecho civil de primordial importancia, testamentos, herencias y planificaci\u00f3n sucesoria.<\/h2>\n<\/div><\/div>\n\n\n<style>.kadence-column_87c2b8-bb > .kt-inside-inner-col,.kadence-column_87c2b8-bb > .kt-inside-inner-col:before{border-top-left-radius:0px;border-top-right-radius:0px;border-bottom-right-radius:0px;border-bottom-left-radius:0px;}.kadence-column_87c2b8-bb > .kt-inside-inner-col{column-gap:var(--global-kb-gap-sm, 1rem);}.kadence-column_87c2b8-bb > .kt-inside-inner-col{flex-direction:column;}.kadence-column_87c2b8-bb > .kt-inside-inner-col > .aligncenter{width:100%;}.kadence-column_87c2b8-bb > .kt-inside-inner-col:before{opacity:0.3;}.kadence-column_87c2b8-bb{position:relative;}@media all and (max-width: 1024px){.kadence-column_87c2b8-bb > .kt-inside-inner-col{flex-direction:column;justify-content:center;}}@media all and (max-width: 767px){.kadence-column_87c2b8-bb > .kt-inside-inner-col{flex-direction:column;justify-content:center;}}<\/style>\n<div class=\"wp-block-kadence-column kadence-column_87c2b8-bb animated fadeIn delay-1s slower\"><div class=\"kt-inside-inner-col\">\n<figure class=\"wp-block-image size-full imatge--subhome\"><img loading=\"lazy\" decoding=\"async\" width=\"1100\" height=\"1556\" src=\"https:\/\/mbaadvocats-b4f9.kxcdn.com\/wp-content\/uploads\/2023\/03\/familia-successions-1.png\" alt=\"Fam\u00edlia i successions\" class=\"wp-image-97\" srcset=\"https:\/\/mbaadvocats-b4f9.kxcdn.com\/wp-content\/uploads\/2023\/03\/familia-successions-1.png 1100w, https:\/\/mbaadvocats-b4f9.kxcdn.com\/wp-content\/uploads\/2023\/03\/familia-successions-1-768x1086.png 768w, https:\/\/mbaadvocats-b4f9.kxcdn.com\/wp-content\/uploads\/2023\/03\/familia-successions-1-1086x1536.png 1086w, https:\/\/mbaadvocats-b4f9.kxcdn.com\/wp-content\/uploads\/2023\/03\/familia-successions-1-300x424.png 300w\" sizes=\"auto, (max-width: 1100px) 100vw, 1100px\" \/><\/figure>\n<\/div><\/div>\n\n<\/div><\/div>\n\n<style>.kb-row-layout-id_8920df-51 > .kt-row-column-wrap{align-content:start;}:where(.kb-row-layout-id_8920df-51 > .kt-row-column-wrap) > .wp-block-kadence-column{justify-content:start;}.kb-row-layout-id_8920df-51 > .kt-row-column-wrap{column-gap:80px;row-gap:var(--global-kb-gap-md, 2rem);padding-top:0px;padding-bottom:var(--global-kb-spacing-sm, 1.5rem);grid-template-columns:repeat(2, minmax(0, 1fr));}.kb-row-layout-id_8920df-51 > .kt-row-layout-overlay{opacity:0.30;}@media all and (max-width: 1024px){.kb-row-layout-id_8920df-51 > .kt-row-column-wrap{grid-template-columns:repeat(2, minmax(0, 1fr));}}@media all and (max-width: 767px){.kb-row-layout-id_8920df-51 > .kt-row-column-wrap{grid-template-columns:minmax(0, 1fr);}}<\/style><div class=\"kb-row-layout-wrap kb-row-layout-id_8920df-51 alignwide fila--general subhome wp-block-kadence-rowlayout\"><div class=\"kt-row-column-wrap kt-has-2-columns kt-row-layout-equal kt-tab-layout-inherit kt-mobile-layout-row kt-row-valign-top\">\n<style>.kadence-column_776448-b4 > .kt-inside-inner-col,.kadence-column_776448-b4 > .kt-inside-inner-col:before{border-top-left-radius:0px;border-top-right-radius:0px;border-bottom-right-radius:0px;border-bottom-left-radius:0px;}.kadence-column_776448-b4 > .kt-inside-inner-col{column-gap:var(--global-kb-gap-sm, 1rem);}.kadence-column_776448-b4 > .kt-inside-inner-col{flex-direction:column;}.kadence-column_776448-b4 > .kt-inside-inner-col > .aligncenter{width:100%;}.kadence-column_776448-b4 > .kt-inside-inner-col:before{opacity:0.3;}.kadence-column_776448-b4{position:relative;}@media all and (max-width: 1024px){.kadence-column_776448-b4 > .kt-inside-inner-col{flex-direction:column;justify-content:center;}}@media all and (max-width: 767px){.kadence-column_776448-b4 > .kt-inside-inner-col{flex-direction:column;justify-content:center;}}<\/style>\n<div class=\"wp-block-kadence-column kadence-column_776448-b4\"><div class=\"kt-inside-inner-col\">\n<p>En Manuel Busquet Advocats somos especialistas en ofrecer un asesoramiento completo y personalizado en estas cuestiones, prestando especial atenci\u00f3n a los intereses de nuestros clientes ya la planificaci\u00f3n sucesoria, que es esencial en el marco tributario actual de las sucesiones en Catalu\u00f1a.<\/p>\n\n\n\n<p>Nuestro equipo de abogados cuenta con una amplia experiencia en la resoluci\u00f3n de conflictos familiares, y le acompa\u00f1aremos en todo momento para defender sus derechos y proteger sus intereses. Tambi\u00e9n en casos de divorcio.<\/p>\n\n\n\n<p>Adem\u00e1s, en Manuel Busquet Advocats estamos al corriente de las \u00faltimas novedades legislativas en materia de sucesiones, lo que nos permite ofrecer un asesoramiento integral y actualizado en cuestiones como la planificaci\u00f3n de la herencia, la redacci\u00f3n de testamentos, la aceptaci\u00f3n y renuncia de herencias, la partici\u00f3n de bienes, entre otros, teniendo en cuenta siempre y calculando el m\u00ednimo coste fiscal.<\/p>\n<\/div><\/div>\n\n\n<style>.kadence-column_30f399-6f > .kt-inside-inner-col,.kadence-column_30f399-6f > .kt-inside-inner-col:before{border-top-left-radius:0px;border-top-right-radius:0px;border-bottom-right-radius:0px;border-bottom-left-radius:0px;}.kadence-column_30f399-6f > .kt-inside-inner-col{column-gap:var(--global-kb-gap-sm, 1rem);}.kadence-column_30f399-6f > .kt-inside-inner-col{flex-direction:column;}.kadence-column_30f399-6f > .kt-inside-inner-col > .aligncenter{width:100%;}.kadence-column_30f399-6f > .kt-inside-inner-col:before{opacity:0.3;}.kadence-column_30f399-6f{position:relative;}@media all and (max-width: 1024px){.kadence-column_30f399-6f > .kt-inside-inner-col{flex-direction:column;justify-content:center;}}@media all and (max-width: 767px){.kadence-column_30f399-6f > .kt-inside-inner-col{flex-direction:column;justify-content:center;}}<\/style>\n<div class=\"wp-block-kadence-column kadence-column_30f399-6f\"><div class=\"kt-inside-inner-col\">\n<p>Sabemos que los asuntos familiares y sucesorios pueden resultar especialmente delicados y complejos, por eso en todo momento velamos por la confidencialidad y la discreci\u00f3n en el trato con nuestros clientes.<\/p>\n\n\n\n<p>En resumen, si necesita asesoramiento en materia de derecho de familia y sucesiones, no dude en <a href=\"https:\/\/mbaadvocats.com\/es\/contacto\/\" data-type=\"page\" data-id=\"855\">contactar<\/a> con Manuel Busquet Advocats. Garantizamos un servicio profesional y personalizado que velar\u00e1 por sus intereses en todo momento.<\/p>\n<\/div><\/div>\n\n<\/div><\/div>\n\n<style>.kb-row-layout-id_ed9d82-36 > .kt-row-column-wrap{align-content:start;}:where(.kb-row-layout-id_ed9d82-36 > .kt-row-column-wrap) > .wp-block-kadence-column{justify-content:start;}.kb-row-layout-id_ed9d82-36 > .kt-row-column-wrap{column-gap:80px;row-gap:var(--global-kb-gap-md, 2rem);padding-top:0px;padding-bottom:var(--global-kb-spacing-sm, 1.5rem);grid-template-columns:minmax(0, 1fr);}.kb-row-layout-id_ed9d82-36 > .kt-row-layout-overlay{opacity:0.30;}@media all and (max-width: 1024px){.kb-row-layout-id_ed9d82-36 > .kt-row-column-wrap{grid-template-columns:minmax(0, 1fr);}}@media all and (max-width: 767px){.kb-row-layout-id_ed9d82-36 > .kt-row-column-wrap{grid-template-columns:minmax(0, 1fr);}}<\/style><div class=\"kb-row-layout-wrap kb-row-layout-id_ed9d82-36 alignwide fila--general subhome llista--arees--juridiques overflow--x wp-block-kadence-rowlayout\"><div class=\"kt-row-column-wrap kt-has-1-columns kt-row-layout-equal kt-tab-layout-inherit kt-mobile-layout-row kt-row-valign-top\">\n<style>.kadence-column_fc798e-aa > .kt-inside-inner-col,.kadence-column_fc798e-aa > .kt-inside-inner-col:before{border-top-left-radius:0px;border-top-right-radius:0px;border-bottom-right-radius:0px;border-bottom-left-radius:0px;}.kadence-column_fc798e-aa > .kt-inside-inner-col{column-gap:var(--global-kb-gap-sm, 1rem);}.kadence-column_fc798e-aa > .kt-inside-inner-col{flex-direction:column;}.kadence-column_fc798e-aa > .kt-inside-inner-col > .aligncenter{width:100%;}.kadence-column_fc798e-aa > .kt-inside-inner-col:before{opacity:0.3;}.kadence-column_fc798e-aa{position:relative;}@media all and (max-width: 1024px){.kadence-column_fc798e-aa > .kt-inside-inner-col{flex-direction:column;justify-content:center;}}@media all and (max-width: 767px){.kadence-column_fc798e-aa > .kt-inside-inner-col{flex-direction:column;justify-content:center;}}<\/style>\n<div class=\"wp-block-kadence-column kadence-column_fc798e-aa\"><div class=\"kt-inside-inner-col\"><style>.wp-block-kadence-advancedheading.kt-adv-heading_8040c9-10, .wp-block-kadence-advancedheading.kt-adv-heading_8040c9-10[data-kb-block=\"kb-adv-heading_8040c9-10\"]{font-style:normal;}.wp-block-kadence-advancedheading.kt-adv-heading_8040c9-10 mark.kt-highlight, .wp-block-kadence-advancedheading.kt-adv-heading_8040c9-10[data-kb-block=\"kb-adv-heading_8040c9-10\"] mark.kt-highlight{font-style:normal;color:#f76a0c;-webkit-box-decoration-break:clone;box-decoration-break:clone;padding-top:0px;padding-right:0px;padding-bottom:0px;padding-left:0px;}.wp-block-kadence-advancedheading.kt-adv-heading_8040c9-10 img.kb-inline-image, .wp-block-kadence-advancedheading.kt-adv-heading_8040c9-10[data-kb-block=\"kb-adv-heading_8040c9-10\"] img.kb-inline-image{width:150px;vertical-align:baseline;}<\/style>\n<h2 class=\"kt-adv-heading_8040c9-10 wp-block-kadence-advancedheading\" data-kb-block=\"kb-adv-heading_8040c9-10\">\u00c0rees jur\u00eddiques<\/h2>\n\n\n<style>.wp-block-kadence-spacer.kt-block-spacer-_5a3fb0-ce .kt-block-spacer{height:10px;}.wp-block-kadence-spacer.kt-block-spacer-_5a3fb0-ce .kt-divider{border-top-width:3px;height:1px;border-top-color:#eb363e;width:100%;border-top-style:solid;}<\/style>\n<div class=\"wp-block-kadence-spacer aligncenter kt-block-spacer-_5a3fb0-ce filet animated slideInLeft\"><div class=\"kt-block-spacer kt-block-spacer-halign-center\"><hr class=\"kt-divider\"\/><\/div><\/div>\n\n\n<div  class=\"ultp-post-grid-block wp-block-ultimate-post-post-list-3 ultp-block-7a4413\"><div class=\"ultp-block-wrapper\"><div class=\"ultp-loading\"><div class=\"ultp-loading-blocks\" style=\"width:100%;height:100%;\"><div style=\"left: 0;top: 0;animation-delay:0s;\"><\/div><div style=\"left: 21px;top: 0;animation-delay:0.125s;\"><\/div><div style=\"left: 42px;top: 0;animation-delay:0.25s;\"><\/div><div style=\"left: 0;top: 21px;animation-delay:0.875s;\"><\/div><div style=\"left: 42px;top: 21px;animation-delay:0.375s;\"><\/div><div style=\"left: 0;top: 42px;animation-delay:0.75s;\"><\/div><div style=\"left: 42px;top: 42px;animation-delay:0.625s;\"><\/div><div style=\"left: 21px;top: 42px;animation-delay:0.5s;\"><\/div><\/div><\/div><div class=\"ultp-block-items-wrap ultp-block-row ultp-block-column-2 ultp-block-content-middle ultp-layout1\"><div class=\"ultp-block-item ultp-block-media post-id-865\"><div class=\"ultp-block-content-wrap\"><div class=\"ultp-block-content\"><h3 class=\"ultp-block-title \"><a href=\"https:\/\/mbaadvocats.com\/es\/derecho-administrativo\/\" >Derecho administrativo<\/a><\/h3><\/div><\/div><\/div><div class=\"ultp-block-item ultp-block-media post-id-872\"><div class=\"ultp-block-content-wrap\"><div class=\"ultp-block-content\"><h3 class=\"ultp-block-title \"><a href=\"https:\/\/mbaadvocats.com\/es\/derecho-civil\/\" >Derecho civil<\/a><\/h3><\/div><\/div><\/div><div class=\"ultp-block-item ultp-block-media post-id-877\"><div class=\"ultp-block-content-wrap\"><div class=\"ultp-block-content\"><h3 class=\"ultp-block-title \"><a href=\"https:\/\/mbaadvocats.com\/es\/derecho-mercantil\/\" >Derecho mercantil<\/a><\/h3><\/div><\/div><\/div><div class=\"ultp-block-item ultp-block-media post-id-882\"><div class=\"ultp-block-content-wrap\"><div class=\"ultp-block-content\"><h3 class=\"ultp-block-title \"><a href=\"https:\/\/mbaadvocats.com\/es\/derecho-procesal-procedimientos-frente-a-tribunales\/\" >Derecho procesal. Procedimientos frente a tribunales<\/a><\/h3><\/div><\/div><\/div><div class=\"ultp-block-item ultp-block-media post-id-887\"><div class=\"ultp-block-content-wrap\"><div class=\"ultp-block-content\"><h3 class=\"ultp-block-title \"><a href=\"https:\/\/mbaadvocats.com\/es\/derecho-urbanistico-derecho-inmobiliario\/\" >Derecho urban\u00edstico \/ Derecho inmobiliario<\/a><\/h3><\/div><\/div><\/div><\/div><\/div><div class=\"pagination-block-html\" aria-hidden=\"true\" style=\"display: none;\"><\/div><\/div><\/div><\/div>\n\n<\/div><\/div>\n\n\n<div class=\"wp-block-genesis-blocks-gb-container alignfull prefooter gb-block-container\"><div class=\"gb-container-inside\"><div class=\"gb-container-content\"><style>.kb-row-layout-id_638ca1-39 > .kt-row-column-wrap{align-content:start;}:where(.kb-row-layout-id_638ca1-39 > .kt-row-column-wrap) > .wp-block-kadence-column{justify-content:start;}.kb-row-layout-id_638ca1-39 > .kt-row-column-wrap{column-gap:80px;row-gap:var(--global-kb-gap-md, 2rem);padding-top:0px;padding-bottom:0px;grid-template-columns:repeat(2, minmax(0, 1fr));}.kb-row-layout-id_638ca1-39 > .kt-row-layout-overlay{opacity:0.30;}@media all and (max-width: 1024px){.kb-row-layout-id_638ca1-39 > .kt-row-column-wrap{grid-template-columns:repeat(2, minmax(0, 1fr));}}@media all and (max-width: 767px){.kb-row-layout-id_638ca1-39 > .kt-row-column-wrap{grid-template-columns:minmax(0, 1fr);}}<\/style><div class=\"kb-row-layout-wrap kb-row-layout-id_638ca1-39 alignwide fila--general wp-block-kadence-rowlayout\"><div class=\"kt-row-column-wrap kt-has-2-columns kt-row-layout-equal kt-tab-layout-inherit kt-mobile-layout-row kt-row-valign-top\">\n<style>.kadence-column_1eb3e5-cc > .kt-inside-inner-col,.kadence-column_1eb3e5-cc > .kt-inside-inner-col:before{border-top-left-radius:0px;border-top-right-radius:0px;border-bottom-right-radius:0px;border-bottom-left-radius:0px;}.kadence-column_1eb3e5-cc > .kt-inside-inner-col{column-gap:var(--global-kb-gap-sm, 1rem);}.kadence-column_1eb3e5-cc > .kt-inside-inner-col{flex-direction:column;}.kadence-column_1eb3e5-cc > .kt-inside-inner-col > .aligncenter{width:100%;}.kadence-column_1eb3e5-cc > .kt-inside-inner-col:before{opacity:0.3;}.kadence-column_1eb3e5-cc{position:relative;}@media all and (max-width: 1024px){.kadence-column_1eb3e5-cc > .kt-inside-inner-col{flex-direction:column;justify-content:center;}}@media all and (max-width: 767px){.kadence-column_1eb3e5-cc > .kt-inside-inner-col{flex-direction:column;justify-content:center;}}<\/style>\n<div class=\"wp-block-kadence-column kadence-column_1eb3e5-cc\"><div class=\"kt-inside-inner-col\"><style>.wp-block-kadence-spacer.kt-block-spacer-_6cea7c-1d .kt-block-spacer{height:10px;}.wp-block-kadence-spacer.kt-block-spacer-_6cea7c-1d .kt-divider{border-top-width:3px;height:1px;border-top-color:#000000;width:100%;border-top-style:solid;}<\/style>\n<div class=\"wp-block-kadence-spacer aligncenter kt-block-spacer-_6cea7c-1d filet animated slideInLeft\"><div class=\"kt-block-spacer kt-block-spacer-halign-center\"><hr class=\"kt-divider\"\/><\/div><\/div>\n\n\n<style>.wp-block-kadence-advancedheading.kt-adv-heading_faf751-e4, .wp-block-kadence-advancedheading.kt-adv-heading_faf751-e4[data-kb-block=\"kb-adv-heading_faf751-e4\"]{font-style:normal;}.wp-block-kadence-advancedheading.kt-adv-heading_faf751-e4 mark.kt-highlight, .wp-block-kadence-advancedheading.kt-adv-heading_faf751-e4[data-kb-block=\"kb-adv-heading_faf751-e4\"] mark.kt-highlight{font-style:normal;color:#f76a0c;-webkit-box-decoration-break:clone;box-decoration-break:clone;padding-top:0px;padding-right:0px;padding-bottom:0px;padding-left:0px;}.wp-block-kadence-advancedheading.kt-adv-heading_faf751-e4 img.kb-inline-image, .wp-block-kadence-advancedheading.kt-adv-heading_faf751-e4[data-kb-block=\"kb-adv-heading_faf751-e4\"] img.kb-inline-image{width:150px;vertical-align:baseline;}<\/style>\n<h2 class=\"kt-adv-heading_faf751-e4 retol--filet wp-block-kadence-advancedheading\" data-kb-block=\"kb-adv-heading_faf751-e4\">Miembros de<\/h2>\n\n\n\n<p><a href=\"https:\/\/www.uae.lu\/\" target=\"_blank\" rel=\"noreferrer noopener\">Uni\u00f3 d&#8217;Advocats Europeus<\/a><br><a href=\"https:\/\/www.icam.net\/\" target=\"_blank\" rel=\"noreferrer noopener\">Il\u00b7lustre Col\u00b7legi d&#8217;Advocats de Manresa<\/a><br><a href=\"https:\/\/www.icab.cat\/ca\/\" target=\"_blank\" rel=\"noreferrer noopener\">Il\u00b7lustre Col\u00b7legi d&#8217;Advocats de Barcelona<\/a><\/p>\n\n\n<style>.wp-block-kadence-spacer.kt-block-spacer-_5824fa-3e .kt-block-spacer{height:10px;}.wp-block-kadence-spacer.kt-block-spacer-_5824fa-3e .kt-divider{border-top-width:3px;height:1px;border-top-color:#000000;width:100%;border-top-style:solid;}<\/style>\n<div class=\"wp-block-kadence-spacer aligncenter kt-block-spacer-_5824fa-3e filet animated slideInLeft\"><div class=\"kt-block-spacer kt-block-spacer-halign-center\"><hr class=\"kt-divider\"\/><\/div><\/div>\n\n\n<style>.wp-block-kadence-advancedheading.kt-adv-heading_dfb26d-25, .wp-block-kadence-advancedheading.kt-adv-heading_dfb26d-25[data-kb-block=\"kb-adv-heading_dfb26d-25\"]{font-style:normal;}.wp-block-kadence-advancedheading.kt-adv-heading_dfb26d-25 mark.kt-highlight, .wp-block-kadence-advancedheading.kt-adv-heading_dfb26d-25[data-kb-block=\"kb-adv-heading_dfb26d-25\"] mark.kt-highlight{font-style:normal;color:#f76a0c;-webkit-box-decoration-break:clone;box-decoration-break:clone;padding-top:0px;padding-right:0px;padding-bottom:0px;padding-left:0px;}.wp-block-kadence-advancedheading.kt-adv-heading_dfb26d-25 img.kb-inline-image, .wp-block-kadence-advancedheading.kt-adv-heading_dfb26d-25[data-kb-block=\"kb-adv-heading_dfb26d-25\"] img.kb-inline-image{width:150px;vertical-align:baseline;}<\/style>\n<h2 class=\"kt-adv-heading_dfb26d-25 retol--filet wp-block-kadence-advancedheading\" data-kb-block=\"kb-adv-heading_dfb26d-25\">Enlaces de inter\u00e9s<\/h2>\n\n\n\n<p><a href=\"https:\/\/www.uab.cat\/\" target=\"_blank\" rel=\"noreferrer noopener\">Universitat Aut\u00f2noma de Barcelona<br><\/a><a href=\"https:\/\/www.liceubarcelona.cat\/\" target=\"_blank\" rel=\"noreferrer noopener\">Gran Teatre del Liceu<\/a><\/p>\n<\/div><\/div>\n\n\n<style>.kadence-column_5023ee-f0 > .kt-inside-inner-col,.kadence-column_5023ee-f0 > .kt-inside-inner-col:before{border-top-left-radius:0px;border-top-right-radius:0px;border-bottom-right-radius:0px;border-bottom-left-radius:0px;}.kadence-column_5023ee-f0 > .kt-inside-inner-col{column-gap:var(--global-kb-gap-sm, 1rem);}.kadence-column_5023ee-f0 > .kt-inside-inner-col{flex-direction:column;}.kadence-column_5023ee-f0 > .kt-inside-inner-col > .aligncenter{width:100%;}.kadence-column_5023ee-f0 > .kt-inside-inner-col:before{opacity:0.3;}.kadence-column_5023ee-f0{position:relative;}@media all and (max-width: 1024px){.kadence-column_5023ee-f0 > .kt-inside-inner-col{flex-direction:column;justify-content:center;}}@media all and (max-width: 767px){.kadence-column_5023ee-f0 > .kt-inside-inner-col{flex-direction:column;justify-content:center;}}<\/style>\n<div class=\"wp-block-kadence-column kadence-column_5023ee-f0\"><div class=\"kt-inside-inner-col\">\n<figure class=\"wp-block-image size-full imatge--subhome\"><img loading=\"lazy\" decoding=\"async\" width=\"1098\" height=\"1556\" src=\"https:\/\/mbaadvocats-b4f9.kxcdn.com\/wp-content\/uploads\/2023\/03\/prefooter.png\" alt=\"Enlla\u00e7os d'inter\u00e8s i copatrocinis\" class=\"wp-image-286\" srcset=\"https:\/\/mbaadvocats-b4f9.kxcdn.com\/wp-content\/uploads\/2023\/03\/prefooter.png 1098w, https:\/\/mbaadvocats-b4f9.kxcdn.com\/wp-content\/uploads\/2023\/03\/prefooter-768x1088.png 768w, https:\/\/mbaadvocats-b4f9.kxcdn.com\/wp-content\/uploads\/2023\/03\/prefooter-1084x1536.png 1084w, https:\/\/mbaadvocats-b4f9.kxcdn.com\/wp-content\/uploads\/2023\/03\/prefooter-300x425.png 300w\" sizes=\"auto, (max-width: 1098px) 100vw, 1098px\" \/><\/figure>\n<\/div><\/div>\n\n<\/div><\/div><\/div><\/div><\/div>\n","protected":false},"excerpt":{"rendered":"<p>Asesoramiento en familia y sucesiones, rama del derecho civil de capital importancia, testamentos, herencias y planificaci\u00f3n sucesoria.<\/p>\n","protected":false},"author":1,"featured_media":98,"parent":0,"menu_order":0,"comment_status":"closed","ping_status":"closed","template":"templates\/template-builder.php","meta":{"inline_featured_image":false,"footnotes":""},"class_list":["post-892","page","type-page","status-publish","has-post-thumbnail","hentry","post","with-featured-image"],"featured_image_src":"https:\/\/mbaadvocats-b4f9.kxcdn.com\/wp-content\/uploads\/2023\/03\/familia-successions-1-600x400.png","featured_image_src_square":"https:\/\/mbaadvocats-b4f9.kxcdn.com\/wp-content\/uploads\/2023\/03\/familia-successions-1-600x600.png","_links":{"self":[{"href":"https:\/\/mbaadvocats.com\/es\/wp-json\/wp\/v2\/pages\/892","targetHints":{"allow":["GET"]}}],"collection":[{"href":"https:\/\/mbaadvocats.com\/es\/wp-json\/wp\/v2\/pages"}],"about":[{"href":"https:\/\/mbaadvocats.com\/es\/wp-json\/wp\/v2\/types\/page"}],"author":[{"embeddable":true,"href":"https:\/\/mbaadvocats.com\/es\/wp-json\/wp\/v2\/users\/1"}],"replies":[{"embeddable":true,"href":"https:\/\/mbaadvocats.com\/es\/wp-json\/wp\/v2\/comments?post=892"}],"version-history":[{"count":3,"href":"https:\/\/mbaadvocats.com\/es\/wp-json\/wp\/v2\/pages\/892\/revisions"}],"predecessor-version":[{"id":1084,"href":"https:\/\/mbaadvocats.com\/es\/wp-json\/wp\/v2\/pages\/892\/revisions\/1084"}],"wp:featuredmedia":[{"embeddable":true,"href":"https:\/\/mbaadvocats.com\/es\/wp-json\/wp\/v2\/media\/98"}],"wp:attachment":[{"href":"https:\/\/mbaadvocats.com\/es\/wp-json\/wp\/v2\/media?parent=892"}],"curies":[{"name":"wp","href":"https:\/\/api.w.org\/{rel}","templated":true}]}}