{"id":910,"date":"2023-03-22T17:47:52","date_gmt":"2023-03-22T16:47:52","guid":{"rendered":"https:\/\/mbaadvocats.com\/manuel-busquet-arrufat\/"},"modified":"2023-10-02T16:22:09","modified_gmt":"2023-10-02T14:22:09","slug":"manuel-busquet-arrufat","status":"publish","type":"page","link":"https:\/\/mbaadvocats.com\/es\/manuel-busquet-arrufat\/","title":{"rendered":"Manuel Busquet Arrufat"},"content":{"rendered":"<style>.kb-row-layout-id910_a30312-1d > .kt-row-column-wrap{align-content:start;}:where(.kb-row-layout-id910_a30312-1d > .kt-row-column-wrap) > .wp-block-kadence-column{justify-content:start;}.kb-row-layout-id910_a30312-1d > .kt-row-column-wrap{column-gap:100px;row-gap:0px;max-width:1800px;margin-left:auto;margin-right:auto;padding-top:0px;padding-right:70px;padding-bottom:0px;padding-left:70px;grid-template-columns:repeat(2, minmax(0, 1fr));}.kb-row-layout-id910_a30312-1d > .kt-row-layout-overlay{opacity:0.30;}@media all and (max-width: 1024px){.kb-row-layout-id910_a30312-1d > .kt-row-column-wrap{grid-template-columns:repeat(2, minmax(0, 1fr));}}@media all and (max-width: 767px){.kb-row-layout-id910_a30312-1d > .kt-row-column-wrap{grid-template-columns:minmax(0, 1fr);}}<\/style><div class=\"kb-row-layout-wrap kb-row-layout-id910_a30312-1d alignfull box--header subhome actualitat pagina--final wp-block-kadence-rowlayout\"><div class=\"kt-row-column-wrap kt-has-2-columns kt-row-layout-equal kt-tab-layout-inherit kt-mobile-layout-row kt-row-valign-top\">\n<style>.kadence-column910_de6b05-07 > .kt-inside-inner-col,.kadence-column910_de6b05-07 > .kt-inside-inner-col:before{border-top-left-radius:0px;border-top-right-radius:0px;border-bottom-right-radius:0px;border-bottom-left-radius:0px;}.kadence-column910_de6b05-07 > .kt-inside-inner-col{column-gap:var(--global-kb-gap-sm, 1rem);}.kadence-column910_de6b05-07 > .kt-inside-inner-col{flex-direction:column;}.kadence-column910_de6b05-07 > .kt-inside-inner-col > .aligncenter{width:100%;}.kadence-column910_de6b05-07 > .kt-inside-inner-col:before{opacity:0.3;}.kadence-column910_de6b05-07{position:relative;}@media all and (max-width: 1024px){.kadence-column910_de6b05-07 > .kt-inside-inner-col{flex-direction:column;justify-content:center;}}@media all and (max-width: 767px){.kadence-column910_de6b05-07 > .kt-inside-inner-col{flex-direction:column;justify-content:center;}}<\/style>\n<div class=\"wp-block-kadence-column kadence-column910_de6b05-07 retol--filet\"><div class=\"kt-inside-inner-col\">\n<p class=\"link--vermell equip animated fadeIn delay-500ms slower\"><a href=\"https:\/\/mbaadvocats.com\/es\/equipo-de-trabajo\/\" data-type=\"page\" data-id=\"33\">Equipo de trabajo<\/a><\/p>\n\n\n<style>.wp-block-kadence-spacer.kt-block-spacer-910_a586bf-ee .kt-block-spacer{height:10px;}.wp-block-kadence-spacer.kt-block-spacer-910_a586bf-ee .kt-divider{border-top-width:3px;height:1px;border-top-color:#000000;width:100%;border-top-style:solid;}<\/style>\n<div class=\"wp-block-kadence-spacer aligncenter kt-block-spacer-910_a586bf-ee filet animated slideInLeft\"><div class=\"kt-block-spacer kt-block-spacer-halign-center\"><hr class=\"kt-divider\"\/><\/div><\/div>\n\n\n<h1 class=\"animated fadeIn delay-500ms slower wp-block-post-title\">Manuel Busquet Arrufat<\/h1>\n\n<style>.wp-block-kadence-advancedheading.kt-adv-heading910_30e90d-ae, .wp-block-kadence-advancedheading.kt-adv-heading910_30e90d-ae[data-kb-block=\"kb-adv-heading910_30e90d-ae\"]{font-style:normal;}.wp-block-kadence-advancedheading.kt-adv-heading910_30e90d-ae mark.kt-highlight, .wp-block-kadence-advancedheading.kt-adv-heading910_30e90d-ae[data-kb-block=\"kb-adv-heading910_30e90d-ae\"] mark.kt-highlight{font-style:normal;color:#f76a0c;-webkit-box-decoration-break:clone;box-decoration-break:clone;padding-top:0px;padding-right:0px;padding-bottom:0px;padding-left:0px;}.wp-block-kadence-advancedheading.kt-adv-heading910_30e90d-ae img.kb-inline-image, .wp-block-kadence-advancedheading.kt-adv-heading910_30e90d-ae[data-kb-block=\"kb-adv-heading910_30e90d-ae\"] img.kb-inline-image{width:150px;vertical-align:baseline;}<\/style>\n<h2 class=\"kt-adv-heading910_30e90d-ae animated fadeIn slower delay-500ms wp-block-kadence-advancedheading\" data-kb-block=\"kb-adv-heading910_30e90d-ae\">El fundador de la firma Manuel Busquet Advocats.<\/h2>\n\n\n<style>.kb-row-layout-id910_cb6666-45 > .kt-row-column-wrap{align-content:start;}:where(.kb-row-layout-id910_cb6666-45 > .kt-row-column-wrap) > .wp-block-kadence-column{justify-content:start;}.kb-row-layout-id910_cb6666-45 > .kt-row-column-wrap{column-gap:70px;row-gap:var(--global-kb-gap-md, 2rem);padding-top:0px;padding-right:0px;padding-bottom:0px;padding-left:0px;grid-template-columns:repeat(2, minmax(0, 1fr));}.kb-row-layout-id910_cb6666-45 > .kt-row-layout-overlay{opacity:0.30;}@media all and (max-width: 1024px){.kb-row-layout-id910_cb6666-45 > .kt-row-column-wrap{grid-template-columns:repeat(2, minmax(0, 1fr));}}@media all and (max-width: 767px){.kb-row-layout-id910_cb6666-45 > .kt-row-column-wrap{grid-template-columns:minmax(0, 1fr);}}<\/style><div class=\"kb-row-layout-wrap kb-row-layout-id910_cb6666-45 alignnone animated fadeIn delay-500ms slower wp-block-kadence-rowlayout\"><div class=\"kt-row-column-wrap kt-has-2-columns kt-row-layout-equal kt-tab-layout-inherit kt-mobile-layout-row kt-row-valign-top\">\n<style>.kadence-column910_7b4434-7f > .kt-inside-inner-col,.kadence-column910_7b4434-7f > .kt-inside-inner-col:before{border-top-left-radius:0px;border-top-right-radius:0px;border-bottom-right-radius:0px;border-bottom-left-radius:0px;}.kadence-column910_7b4434-7f > .kt-inside-inner-col{column-gap:var(--global-kb-gap-sm, 1rem);}.kadence-column910_7b4434-7f > .kt-inside-inner-col{flex-direction:column;}.kadence-column910_7b4434-7f > .kt-inside-inner-col > .aligncenter{width:100%;}.kadence-column910_7b4434-7f > .kt-inside-inner-col:before{opacity:0.3;}.kadence-column910_7b4434-7f{position:relative;}@media all and (max-width: 1024px){.kadence-column910_7b4434-7f > .kt-inside-inner-col{flex-direction:column;justify-content:center;}}@media all and (max-width: 767px){.kadence-column910_7b4434-7f > .kt-inside-inner-col{flex-direction:column;justify-content:center;}}<\/style>\n<div class=\"wp-block-kadence-column kadence-column910_7b4434-7f\"><div class=\"kt-inside-inner-col\">\n<p class=\"text_small equip\">Correo electr\u00f3nico:<\/p>\n\n\n\n<p><a href=\"&#109;&#x61;&#x69;&#108;&#x74;&#x6f;&#58;&#x6d;&#x62;&#97;&#x40;&#x6d;&#98;&#x61;&#x61;&#100;&#x76;&#x6f;&#99;&#x61;&#x74;&#115;&#x2e;&#x63;&#111;&#x6d;\">&#x6d;&#98;a&#x40;&#x6d;&#98;a&#x61;&#x64;&#118;o&#x63;&#97;t&#x73;&#x2e;&#99;o&#x6d;<\/a><\/p>\n<\/div><\/div>\n\n\n<style>.kadence-column910_484144-2f > .kt-inside-inner-col,.kadence-column910_484144-2f > .kt-inside-inner-col:before{border-top-left-radius:0px;border-top-right-radius:0px;border-bottom-right-radius:0px;border-bottom-left-radius:0px;}.kadence-column910_484144-2f > .kt-inside-inner-col{column-gap:var(--global-kb-gap-sm, 1rem);}.kadence-column910_484144-2f > .kt-inside-inner-col{flex-direction:column;}.kadence-column910_484144-2f > .kt-inside-inner-col > .aligncenter{width:100%;}.kadence-column910_484144-2f > .kt-inside-inner-col:before{opacity:0.3;}.kadence-column910_484144-2f{position:relative;}@media all and (max-width: 1024px){.kadence-column910_484144-2f > .kt-inside-inner-col{flex-direction:column;justify-content:center;}}@media all and (max-width: 767px){.kadence-column910_484144-2f > .kt-inside-inner-col{flex-direction:column;justify-content:center;}}<\/style>\n<div class=\"wp-block-kadence-column kadence-column910_484144-2f\"><div class=\"kt-inside-inner-col\">\n<p class=\"text_small equip\">Tel\u00e9fono:<\/p>\n\n\n\n<p><a href=\"tel:+34938728811\">+34 93 872 88 11<\/a><\/p>\n<\/div><\/div>\n\n<\/div><\/div><\/div><\/div>\n\n\n<style>.kadence-column910_212cc1-87 > .kt-inside-inner-col,.kadence-column910_212cc1-87 > .kt-inside-inner-col:before{border-top-left-radius:0px;border-top-right-radius:0px;border-bottom-right-radius:0px;border-bottom-left-radius:0px;}.kadence-column910_212cc1-87 > .kt-inside-inner-col{column-gap:var(--global-kb-gap-sm, 1rem);}.kadence-column910_212cc1-87 > .kt-inside-inner-col{flex-direction:column;}.kadence-column910_212cc1-87 > .kt-inside-inner-col > .aligncenter{width:100%;}.kadence-column910_212cc1-87 > .kt-inside-inner-col:before{opacity:0.3;}.kadence-column910_212cc1-87{position:relative;}@media all and (max-width: 1024px){.kadence-column910_212cc1-87 > .kt-inside-inner-col{flex-direction:column;justify-content:center;}}@media all and (max-width: 767px){.kadence-column910_212cc1-87 > .kt-inside-inner-col{flex-direction:column;justify-content:center;}}<\/style>\n<div class=\"wp-block-kadence-column kadence-column910_212cc1-87 animated fadeIn delay-1s slower\"><div class=\"kt-inside-inner-col\">\n<figure class=\"wp-block-image size-full imatge--subhome\"><img loading=\"lazy\" decoding=\"async\" width=\"1102\" height=\"1558\" src=\"https:\/\/mbaadvocats-b4f9.kxcdn.com\/wp-content\/uploads\/2023\/03\/manuel-busquet-arrufat-1.png\" alt=\"Manuel Busquet Arrufat\" class=\"wp-image-532\" srcset=\"https:\/\/mbaadvocats-b4f9.kxcdn.com\/wp-content\/uploads\/2023\/03\/manuel-busquet-arrufat-1.png 1102w, https:\/\/mbaadvocats-b4f9.kxcdn.com\/wp-content\/uploads\/2023\/03\/manuel-busquet-arrufat-1-768x1086.png 768w, https:\/\/mbaadvocats-b4f9.kxcdn.com\/wp-content\/uploads\/2023\/03\/manuel-busquet-arrufat-1-1086x1536.png 1086w, https:\/\/mbaadvocats-b4f9.kxcdn.com\/wp-content\/uploads\/2023\/03\/manuel-busquet-arrufat-1-300x424.png 300w\" sizes=\"auto, (max-width: 1102px) 100vw, 1102px\" \/><\/figure>\n<\/div><\/div>\n\n<\/div><\/div>\n\n<style>.kb-row-layout-id910_442144-e9 > .kt-row-column-wrap{align-content:start;}:where(.kb-row-layout-id910_442144-e9 > .kt-row-column-wrap) > .wp-block-kadence-column{justify-content:start;}.kb-row-layout-id910_442144-e9 > .kt-row-column-wrap{column-gap:80px;row-gap:var(--global-kb-gap-md, 2rem);padding-top:0px;padding-bottom:var(--global-kb-spacing-sm, 1.5rem);grid-template-columns:minmax(0, 1fr);}.kb-row-layout-id910_442144-e9 > .kt-row-layout-overlay{opacity:0.30;}@media all and (max-width: 1024px){.kb-row-layout-id910_442144-e9 > .kt-row-column-wrap{grid-template-columns:minmax(0, 1fr);}}@media all and (max-width: 767px){.kb-row-layout-id910_442144-e9 > .kt-row-column-wrap{grid-template-columns:minmax(0, 1fr);}}<\/style><div class=\"kb-row-layout-wrap kb-row-layout-id910_442144-e9 alignwide fila--general subhome fila--curriculum--1 wp-block-kadence-rowlayout\"><div class=\"kt-row-column-wrap kt-has-1-columns kt-row-layout-equal kt-tab-layout-inherit kt-mobile-layout-row kt-row-valign-top\">\n<style>.kadence-column910_04c32d-8b > .kt-inside-inner-col,.kadence-column910_04c32d-8b > .kt-inside-inner-col:before{border-top-left-radius:0px;border-top-right-radius:0px;border-bottom-right-radius:0px;border-bottom-left-radius:0px;}.kadence-column910_04c32d-8b > .kt-inside-inner-col{column-gap:var(--global-kb-gap-sm, 1rem);}.kadence-column910_04c32d-8b > .kt-inside-inner-col{flex-direction:column;}.kadence-column910_04c32d-8b > .kt-inside-inner-col > .aligncenter{width:100%;}.kadence-column910_04c32d-8b > .kt-inside-inner-col:before{opacity:0.3;}.kadence-column910_04c32d-8b{position:relative;}@media all and (max-width: 1024px){.kadence-column910_04c32d-8b > .kt-inside-inner-col{flex-direction:column;justify-content:center;}}@media all and (max-width: 767px){.kadence-column910_04c32d-8b > .kt-inside-inner-col{flex-direction:column;justify-content:center;}}<\/style>\n<div class=\"wp-block-kadence-column kadence-column910_04c32d-8b overflow--x\"><div class=\"kt-inside-inner-col\"><style>.wp-block-kadence-spacer.kt-block-spacer-910_f1e36b-93 .kt-block-spacer{height:10px;}.wp-block-kadence-spacer.kt-block-spacer-910_f1e36b-93 .kt-divider{border-top-width:3px;height:1px;border-top-color:#000000;width:100%;border-top-style:solid;}<\/style>\n<div class=\"wp-block-kadence-spacer aligncenter kt-block-spacer-910_f1e36b-93 filet animated slideInLeft\"><div class=\"kt-block-spacer kt-block-spacer-halign-center\"><hr class=\"kt-divider\"\/><\/div><\/div>\n\n\n<style>.wp-block-kadence-advancedheading.kt-adv-heading910_226de0-fa, .wp-block-kadence-advancedheading.kt-adv-heading910_226de0-fa[data-kb-block=\"kb-adv-heading910_226de0-fa\"]{font-style:normal;}.wp-block-kadence-advancedheading.kt-adv-heading910_226de0-fa mark.kt-highlight, .wp-block-kadence-advancedheading.kt-adv-heading910_226de0-fa[data-kb-block=\"kb-adv-heading910_226de0-fa\"] mark.kt-highlight{font-style:normal;color:#f76a0c;-webkit-box-decoration-break:clone;box-decoration-break:clone;padding-top:0px;padding-right:0px;padding-bottom:0px;padding-left:0px;}.wp-block-kadence-advancedheading.kt-adv-heading910_226de0-fa img.kb-inline-image, .wp-block-kadence-advancedheading.kt-adv-heading910_226de0-fa[data-kb-block=\"kb-adv-heading910_226de0-fa\"] img.kb-inline-image{width:150px;vertical-align:baseline;}<\/style>\n<h3 class=\"kt-adv-heading910_226de0-fa wp-block-kadence-advancedheading\" data-kb-block=\"kb-adv-heading910_226de0-fa\">Trayectoria<\/h3>\n<\/div><\/div>\n\n<\/div><\/div>\n\n<style>.kb-row-layout-id910_86a30b-6f > .kt-row-column-wrap{align-content:start;}:where(.kb-row-layout-id910_86a30b-6f > .kt-row-column-wrap) > .wp-block-kadence-column{justify-content:start;}.kb-row-layout-id910_86a30b-6f > .kt-row-column-wrap{column-gap:80px;row-gap:var(--global-kb-gap-md, 2rem);padding-top:0px;padding-bottom:var(--global-kb-spacing-sm, 1.5rem);grid-template-columns:repeat(2, minmax(0, 1fr));}.kb-row-layout-id910_86a30b-6f > .kt-row-layout-overlay{opacity:0.30;}@media all and (max-width: 1024px){.kb-row-layout-id910_86a30b-6f > .kt-row-column-wrap{grid-template-columns:repeat(2, minmax(0, 1fr));}}@media all and (max-width: 767px){.kb-row-layout-id910_86a30b-6f > .kt-row-column-wrap{grid-template-columns:minmax(0, 1fr);}}<\/style><div class=\"kb-row-layout-wrap kb-row-layout-id910_86a30b-6f alignwide fila--general subhome fila--curriculum--2 wp-block-kadence-rowlayout\"><div class=\"kt-row-column-wrap kt-has-2-columns kt-row-layout-equal kt-tab-layout-inherit kt-mobile-layout-row kt-row-valign-top\">\n<style>.kadence-column910_40139a-5a > .kt-inside-inner-col,.kadence-column910_40139a-5a > .kt-inside-inner-col:before{border-top-left-radius:0px;border-top-right-radius:0px;border-bottom-right-radius:0px;border-bottom-left-radius:0px;}.kadence-column910_40139a-5a > .kt-inside-inner-col{column-gap:var(--global-kb-gap-sm, 1rem);}.kadence-column910_40139a-5a > .kt-inside-inner-col{flex-direction:column;}.kadence-column910_40139a-5a > .kt-inside-inner-col > .aligncenter{width:100%;}.kadence-column910_40139a-5a > .kt-inside-inner-col:before{opacity:0.3;}.kadence-column910_40139a-5a{position:relative;}@media all and (max-width: 1024px){.kadence-column910_40139a-5a > .kt-inside-inner-col{flex-direction:column;justify-content:center;}}@media all and (max-width: 767px){.kadence-column910_40139a-5a > .kt-inside-inner-col{flex-direction:column;justify-content:center;}}<\/style>\n<div class=\"wp-block-kadence-column kadence-column910_40139a-5a\"><div class=\"kt-inside-inner-col\">\n<ul class=\"wp-block-list\">\n<li>Nacido en Manresa el 13 de Junio ??de 1962<\/li>\n\n\n\n<li>Educaci\u00f3n; Universidad de Barcelona, licenciado en Derecho en 1988<\/li>\n\n\n\n<li>Colegiado en el Ilustre Colegio de abogados de Manresa en 1988 con el n\u00famero 631<\/li>\n\n\n\n<li>Colegiado en el Ilustre Colegio de abogados de Barcelona en 1991 con el n\u00famero 18.323<\/li>\n\n\n\n<li>Idiomas: catal\u00e1n, castellano, ingl\u00e9s y franc\u00e9s.<\/li>\n\n\n\n<li>Marzo 2001: El consejo de la abogac\u00eda catalana emite certificado en reconocimiento de la valiosa aportaci\u00f3n del Sr. Manuel Busquet Arrufat en la elaboraci\u00f3n del C\u00f3digo de la Abogac\u00eda catalana.<\/li>\n\n\n\n<li>Curso de derecho urban\u00edstico ICAB.<\/li>\n\n\n\n<li>Curso de derecho matrimonial y can\u00f3nico ICAB.<\/li>\n\n\n\n<li>Curso de distribuci\u00f3n internacional de productos y servicios ICAB.<\/li>\n\n\n\n<li>Jornada de la nueva ley de arrendamiento urbanos ICAB.<\/li>\n\n\n\n<li>Congreso de responsabilidad civil ICAB.<\/li>\n\n\n\n<li>Curso de derecho concursal.<\/li>\n\n\n\n<li>Curso de derecho urban\u00edstico &#8211; Universitat Abat Oliba<\/li>\n<\/ul>\n<\/div><\/div>\n\n\n<style>.kadence-column910_e69a42-62 > .kt-inside-inner-col,.kadence-column910_e69a42-62 > .kt-inside-inner-col:before{border-top-left-radius:0px;border-top-right-radius:0px;border-bottom-right-radius:0px;border-bottom-left-radius:0px;}.kadence-column910_e69a42-62 > .kt-inside-inner-col{column-gap:var(--global-kb-gap-sm, 1rem);}.kadence-column910_e69a42-62 > .kt-inside-inner-col{flex-direction:column;}.kadence-column910_e69a42-62 > .kt-inside-inner-col > .aligncenter{width:100%;}.kadence-column910_e69a42-62 > .kt-inside-inner-col:before{opacity:0.3;}.kadence-column910_e69a42-62{position:relative;}@media all and (max-width: 1024px){.kadence-column910_e69a42-62 > .kt-inside-inner-col{flex-direction:column;justify-content:center;}}@media all and (max-width: 767px){.kadence-column910_e69a42-62 > .kt-inside-inner-col{flex-direction:column;justify-content:center;}}<\/style>\n<div class=\"wp-block-kadence-column kadence-column910_e69a42-62\"><div class=\"kt-inside-inner-col\">\n<ul class=\"wp-block-list\">\n<li>Curso de la ley de urbanismo.<\/li>\n\n\n\n<li>Curso de valoraci\u00f3n de la aplicaci\u00f3n pr\u00e1ctica de la LEC.<\/li>\n\n\n\n<li>Congreso de la abogac\u00eda catalana.<\/li>\n\n\n\n<li>Presidente de la Junta de Gobierno de la Sociedad Gran Teatro del Liceo.<\/li>\n\n\n\n<li>Miembro del Patronato de la Fundaci\u00f3n del Gran Teatro del Liceo.<\/li>\n\n\n\n<li>Miembro de la Comisi\u00f3n Ejecutiva del Gran Teatro del Liceo.<\/li>\n\n\n\n<li>Coordinador conjuntamente con la U.A.B. del trabajo del archivo hist\u00f3rico del Gran Teatro del Liceo.<\/li>\n\n\n\n<li>Vice-Presidente del Consejo Rector del Centro de la Propiedad Forestal.<\/li>\n\n\n\n<li>Miembro de BOSCAT.<\/li>\n\n\n\n<li>Vocal de la Junta de la ASS. de propietarios forestales Gavarresa-Moian\u00e8s.<\/li>\n\n\n\n<li>Miembro desde 1997 a 2000 de la Junta de gobierno del Colegio de Abogados de Manresa.<\/li>\n\n\n\n<li>Gran aficionado a la m\u00fasica cl\u00e1sica.<\/li>\n<\/ul>\n<\/div><\/div>\n\n<\/div><\/div>\n\n\n<div class=\"wp-block-genesis-blocks-gb-container alignfull prefooter gb-block-container\"><div class=\"gb-container-inside\"><div class=\"gb-container-content\"><style>.kb-row-layout-id_638ca1-39 > .kt-row-column-wrap{align-content:start;}:where(.kb-row-layout-id_638ca1-39 > .kt-row-column-wrap) > .wp-block-kadence-column{justify-content:start;}.kb-row-layout-id_638ca1-39 > .kt-row-column-wrap{column-gap:80px;row-gap:var(--global-kb-gap-md, 2rem);padding-top:0px;padding-bottom:0px;grid-template-columns:repeat(2, minmax(0, 1fr));}.kb-row-layout-id_638ca1-39 > .kt-row-layout-overlay{opacity:0.30;}@media all and (max-width: 1024px){.kb-row-layout-id_638ca1-39 > .kt-row-column-wrap{grid-template-columns:repeat(2, minmax(0, 1fr));}}@media all and (max-width: 767px){.kb-row-layout-id_638ca1-39 > .kt-row-column-wrap{grid-template-columns:minmax(0, 1fr);}}<\/style><div class=\"kb-row-layout-wrap kb-row-layout-id_638ca1-39 alignwide fila--general wp-block-kadence-rowlayout\"><div class=\"kt-row-column-wrap kt-has-2-columns kt-row-layout-equal kt-tab-layout-inherit kt-mobile-layout-row kt-row-valign-top\">\n<style>.kadence-column_1eb3e5-cc > .kt-inside-inner-col,.kadence-column_1eb3e5-cc > .kt-inside-inner-col:before{border-top-left-radius:0px;border-top-right-radius:0px;border-bottom-right-radius:0px;border-bottom-left-radius:0px;}.kadence-column_1eb3e5-cc > .kt-inside-inner-col{column-gap:var(--global-kb-gap-sm, 1rem);}.kadence-column_1eb3e5-cc > .kt-inside-inner-col{flex-direction:column;}.kadence-column_1eb3e5-cc > .kt-inside-inner-col > .aligncenter{width:100%;}.kadence-column_1eb3e5-cc > .kt-inside-inner-col:before{opacity:0.3;}.kadence-column_1eb3e5-cc{position:relative;}@media all and (max-width: 1024px){.kadence-column_1eb3e5-cc > .kt-inside-inner-col{flex-direction:column;justify-content:center;}}@media all and (max-width: 767px){.kadence-column_1eb3e5-cc > .kt-inside-inner-col{flex-direction:column;justify-content:center;}}<\/style>\n<div class=\"wp-block-kadence-column kadence-column_1eb3e5-cc\"><div class=\"kt-inside-inner-col\"><style>.wp-block-kadence-spacer.kt-block-spacer-_6cea7c-1d .kt-block-spacer{height:10px;}.wp-block-kadence-spacer.kt-block-spacer-_6cea7c-1d .kt-divider{border-top-width:3px;height:1px;border-top-color:#000000;width:100%;border-top-style:solid;}<\/style>\n<div class=\"wp-block-kadence-spacer aligncenter kt-block-spacer-_6cea7c-1d filet animated slideInLeft\"><div class=\"kt-block-spacer kt-block-spacer-halign-center\"><hr class=\"kt-divider\"\/><\/div><\/div>\n\n\n<style>.wp-block-kadence-advancedheading.kt-adv-heading_faf751-e4, .wp-block-kadence-advancedheading.kt-adv-heading_faf751-e4[data-kb-block=\"kb-adv-heading_faf751-e4\"]{font-style:normal;}.wp-block-kadence-advancedheading.kt-adv-heading_faf751-e4 mark.kt-highlight, .wp-block-kadence-advancedheading.kt-adv-heading_faf751-e4[data-kb-block=\"kb-adv-heading_faf751-e4\"] mark.kt-highlight{font-style:normal;color:#f76a0c;-webkit-box-decoration-break:clone;box-decoration-break:clone;padding-top:0px;padding-right:0px;padding-bottom:0px;padding-left:0px;}.wp-block-kadence-advancedheading.kt-adv-heading_faf751-e4 img.kb-inline-image, .wp-block-kadence-advancedheading.kt-adv-heading_faf751-e4[data-kb-block=\"kb-adv-heading_faf751-e4\"] img.kb-inline-image{width:150px;vertical-align:baseline;}<\/style>\n<h2 class=\"kt-adv-heading_faf751-e4 retol--filet wp-block-kadence-advancedheading\" data-kb-block=\"kb-adv-heading_faf751-e4\">Miembros de<\/h2>\n\n\n\n<p><a href=\"https:\/\/www.uae.lu\/\" target=\"_blank\" rel=\"noreferrer noopener\">Uni\u00f3 d&#8217;Advocats Europeus<\/a><br><a href=\"https:\/\/www.icam.net\/\" target=\"_blank\" rel=\"noreferrer noopener\">Il\u00b7lustre Col\u00b7legi d&#8217;Advocats de Manresa<\/a><br><a href=\"https:\/\/www.icab.cat\/ca\/\" target=\"_blank\" rel=\"noreferrer noopener\">Il\u00b7lustre Col\u00b7legi d&#8217;Advocats de Barcelona<\/a><\/p>\n\n\n<style>.wp-block-kadence-spacer.kt-block-spacer-_5824fa-3e .kt-block-spacer{height:10px;}.wp-block-kadence-spacer.kt-block-spacer-_5824fa-3e .kt-divider{border-top-width:3px;height:1px;border-top-color:#000000;width:100%;border-top-style:solid;}<\/style>\n<div class=\"wp-block-kadence-spacer aligncenter kt-block-spacer-_5824fa-3e filet animated slideInLeft\"><div class=\"kt-block-spacer kt-block-spacer-halign-center\"><hr class=\"kt-divider\"\/><\/div><\/div>\n\n\n<style>.wp-block-kadence-advancedheading.kt-adv-heading_dfb26d-25, .wp-block-kadence-advancedheading.kt-adv-heading_dfb26d-25[data-kb-block=\"kb-adv-heading_dfb26d-25\"]{font-style:normal;}.wp-block-kadence-advancedheading.kt-adv-heading_dfb26d-25 mark.kt-highlight, .wp-block-kadence-advancedheading.kt-adv-heading_dfb26d-25[data-kb-block=\"kb-adv-heading_dfb26d-25\"] mark.kt-highlight{font-style:normal;color:#f76a0c;-webkit-box-decoration-break:clone;box-decoration-break:clone;padding-top:0px;padding-right:0px;padding-bottom:0px;padding-left:0px;}.wp-block-kadence-advancedheading.kt-adv-heading_dfb26d-25 img.kb-inline-image, .wp-block-kadence-advancedheading.kt-adv-heading_dfb26d-25[data-kb-block=\"kb-adv-heading_dfb26d-25\"] img.kb-inline-image{width:150px;vertical-align:baseline;}<\/style>\n<h2 class=\"kt-adv-heading_dfb26d-25 retol--filet wp-block-kadence-advancedheading\" data-kb-block=\"kb-adv-heading_dfb26d-25\">Enlaces de inter\u00e9s<\/h2>\n\n\n\n<p><a href=\"https:\/\/www.uab.cat\/\" target=\"_blank\" rel=\"noreferrer noopener\">Universitat Aut\u00f2noma de Barcelona<br><\/a><a href=\"https:\/\/www.liceubarcelona.cat\/\" target=\"_blank\" rel=\"noreferrer noopener\">Gran Teatre del Liceu<\/a><\/p>\n<\/div><\/div>\n\n\n<style>.kadence-column_5023ee-f0 > .kt-inside-inner-col,.kadence-column_5023ee-f0 > .kt-inside-inner-col:before{border-top-left-radius:0px;border-top-right-radius:0px;border-bottom-right-radius:0px;border-bottom-left-radius:0px;}.kadence-column_5023ee-f0 > .kt-inside-inner-col{column-gap:var(--global-kb-gap-sm, 1rem);}.kadence-column_5023ee-f0 > .kt-inside-inner-col{flex-direction:column;}.kadence-column_5023ee-f0 > .kt-inside-inner-col > .aligncenter{width:100%;}.kadence-column_5023ee-f0 > .kt-inside-inner-col:before{opacity:0.3;}.kadence-column_5023ee-f0{position:relative;}@media all and (max-width: 1024px){.kadence-column_5023ee-f0 > .kt-inside-inner-col{flex-direction:column;justify-content:center;}}@media all and (max-width: 767px){.kadence-column_5023ee-f0 > .kt-inside-inner-col{flex-direction:column;justify-content:center;}}<\/style>\n<div class=\"wp-block-kadence-column kadence-column_5023ee-f0\"><div class=\"kt-inside-inner-col\">\n<figure class=\"wp-block-image size-full imatge--subhome\"><img loading=\"lazy\" decoding=\"async\" width=\"1098\" height=\"1556\" src=\"https:\/\/mbaadvocats-b4f9.kxcdn.com\/wp-content\/uploads\/2023\/03\/prefooter.png\" alt=\"Enlla\u00e7os d'inter\u00e8s i copatrocinis\" class=\"wp-image-286\" srcset=\"https:\/\/mbaadvocats-b4f9.kxcdn.com\/wp-content\/uploads\/2023\/03\/prefooter.png 1098w, https:\/\/mbaadvocats-b4f9.kxcdn.com\/wp-content\/uploads\/2023\/03\/prefooter-768x1088.png 768w, https:\/\/mbaadvocats-b4f9.kxcdn.com\/wp-content\/uploads\/2023\/03\/prefooter-1084x1536.png 1084w, https:\/\/mbaadvocats-b4f9.kxcdn.com\/wp-content\/uploads\/2023\/03\/prefooter-300x425.png 300w\" sizes=\"auto, (max-width: 1098px) 100vw, 1098px\" \/><\/figure>\n<\/div><\/div>\n\n<\/div><\/div><\/div><\/div><\/div>\n","protected":false},"excerpt":{"rendered":"<p>El fundador de la firma Manuel Busquet Advocats.<\/p>\n","protected":false},"author":1,"featured_media":0,"parent":0,"menu_order":0,"comment_status":"closed","ping_status":"closed","template":"templates\/template-builder.php","meta":{"inline_featured_image":false,"footnotes":""},"class_list":["post-910","page","type-page","status-publish","hentry","post","without-featured-image"],"featured_image_src":null,"featured_image_src_square":null,"_links":{"self":[{"href":"https:\/\/mbaadvocats.com\/es\/wp-json\/wp\/v2\/pages\/910","targetHints":{"allow":["GET"]}}],"collection":[{"href":"https:\/\/mbaadvocats.com\/es\/wp-json\/wp\/v2\/pages"}],"about":[{"href":"https:\/\/mbaadvocats.com\/es\/wp-json\/wp\/v2\/types\/page"}],"author":[{"embeddable":true,"href":"https:\/\/mbaadvocats.com\/es\/wp-json\/wp\/v2\/users\/1"}],"replies":[{"embeddable":true,"href":"https:\/\/mbaadvocats.com\/es\/wp-json\/wp\/v2\/comments?post=910"}],"version-history":[{"count":2,"href":"https:\/\/mbaadvocats.com\/es\/wp-json\/wp\/v2\/pages\/910\/revisions"}],"predecessor-version":[{"id":1136,"href":"https:\/\/mbaadvocats.com\/es\/wp-json\/wp\/v2\/pages\/910\/revisions\/1136"}],"wp:attachment":[{"href":"https:\/\/mbaadvocats.com\/es\/wp-json\/wp\/v2\/media?parent=910"}],"curies":[{"name":"wp","href":"https:\/\/api.w.org\/{rel}","templated":true}]}}