{"id":938,"date":"2023-03-09T14:33:22","date_gmt":"2023-03-09T13:33:22","guid":{"rendered":"https:\/\/mbaadvocats.com\/mba-manuel-busquet-advocats\/"},"modified":"2026-01-29T11:55:13","modified_gmt":"2026-01-29T10:55:13","slug":"mba-manuel-busquet-advocats","status":"publish","type":"page","link":"https:\/\/mbaadvocats.com\/es\/","title":{"rendered":"MBA &#8211; Manuel Busquet Advocats"},"content":{"rendered":"<style>.kb-row-layout-id938_53300d-4f > .kt-row-column-wrap{align-content:start;}:where(.kb-row-layout-id938_53300d-4f > .kt-row-column-wrap) > .wp-block-kadence-column{justify-content:start;}.kb-row-layout-id938_53300d-4f > .kt-row-column-wrap{column-gap:100px;row-gap:0px;max-width:1800px;margin-left:auto;margin-right:auto;padding-top:0px;padding-right:70px;padding-bottom:140px;padding-left:70px;grid-template-columns:minmax(0, 1fr);}.kb-row-layout-id938_53300d-4f{background-image:url('https:\/\/mbaadvocats-b4f9.kxcdn.com\/wp-content\/uploads\/2026\/01\/rectangle-vermell-1.png');background-size:cover;background-position:center center;background-attachment:scroll;background-repeat:no-repeat;}.kb-row-layout-id938_53300d-4f > .kt-row-layout-overlay{opacity:0.30;}@media all and (max-width: 1024px){.kb-row-layout-id938_53300d-4f > .kt-row-column-wrap{grid-template-columns:minmax(0, 1fr);}}@media all and (max-width: 767px){.kb-row-layout-id938_53300d-4f > .kt-row-column-wrap{grid-template-columns:minmax(0, 1fr);}}<\/style><div class=\"kb-row-layout-wrap kb-row-layout-id938_53300d-4f alignfull kt-row-has-bg box--header home wp-block-kadence-rowlayout\"><div class=\"kt-row-column-wrap kt-has-2-columns kt-row-layout-row kt-tab-layout-inherit kt-mobile-layout-row kt-row-valign-top\">\n<style>.kadence-column938_bd6330-2e > .kt-inside-inner-col,.kadence-column938_bd6330-2e > .kt-inside-inner-col:before{border-top-left-radius:0px;border-top-right-radius:0px;border-bottom-right-radius:0px;border-bottom-left-radius:0px;}.kadence-column938_bd6330-2e > .kt-inside-inner-col{column-gap:var(--global-kb-gap-sm, 1rem);}.kadence-column938_bd6330-2e > .kt-inside-inner-col{flex-direction:column;}.kadence-column938_bd6330-2e > .kt-inside-inner-col > .aligncenter{width:100%;}.kadence-column938_bd6330-2e > .kt-inside-inner-col:before{opacity:0.3;}.kadence-column938_bd6330-2e{position:relative;}@media all and (max-width: 1024px){.kadence-column938_bd6330-2e > .kt-inside-inner-col{flex-direction:column;justify-content:center;}}@media all and (max-width: 767px){.kadence-column938_bd6330-2e > .kt-inside-inner-col{flex-direction:column;justify-content:center;}}<\/style>\n<div class=\"wp-block-kadence-column kadence-column938_bd6330-2e columna--esquerra retol--filet\"><div class=\"kt-inside-inner-col\"><style>.wp-block-kadence-spacer.kt-block-spacer-938_9a5691-a7 .kt-block-spacer{height:10px;}.wp-block-kadence-spacer.kt-block-spacer-938_9a5691-a7 .kt-divider{border-top-width:3px;height:1px;border-top-color:#000000;width:100%;border-top-style:solid;}<\/style>\n<div class=\"wp-block-kadence-spacer aligncenter kt-block-spacer-938_9a5691-a7 filet animated slideInLeft\"><div class=\"kt-block-spacer kt-block-spacer-halign-center\"><hr class=\"kt-divider\"\/><\/div><\/div>\n\n\n\n<p class=\"retol--negatiu animated fadeIn delay-200ms slower has-white-color has-text-color has-link-color wp-elements-b10d2019684129015e4e1dc29e8f0ded\">Seriedad, rigurosidad e innovaci\u00f3n<\/p>\n<\/div><\/div>\n\n\n<style>.kadence-column938_7c0c3e-b5 > .kt-inside-inner-col,.kadence-column938_7c0c3e-b5 > .kt-inside-inner-col:before{border-top-left-radius:0px;border-top-right-radius:0px;border-bottom-right-radius:0px;border-bottom-left-radius:0px;}.kadence-column938_7c0c3e-b5 > .kt-inside-inner-col{column-gap:var(--global-kb-gap-sm, 1rem);}.kadence-column938_7c0c3e-b5 > .kt-inside-inner-col{flex-direction:column;}.kadence-column938_7c0c3e-b5 > .kt-inside-inner-col > .aligncenter{width:100%;}.kadence-column938_7c0c3e-b5 > .kt-inside-inner-col:before{opacity:0.3;}.kadence-column938_7c0c3e-b5{position:relative;}@media all and (max-width: 1024px){.kadence-column938_7c0c3e-b5 > .kt-inside-inner-col{flex-direction:column;justify-content:center;}}@media all and (max-width: 767px){.kadence-column938_7c0c3e-b5 > .kt-inside-inner-col{flex-direction:column;justify-content:center;}}<\/style>\n<div class=\"wp-block-kadence-column kadence-column938_7c0c3e-b5 columna--dreta animated fadeIn delay-1s slower\"><div class=\"kt-inside-inner-col\">\n<h1 class=\"wp-block-heading has-white-color has-text-color has-link-color wp-elements-f82ddafec008f5981d7582cc8bc8ab0f\">Desde 1988, con sedes en Manresa y Barcelona, en Manuel Busquet Advocats nos dedicamos a ofrecer los mejores servicios jur\u00eddicos a nuestros clientes, caracterizados por su alto nivel de exigencia. Gracias a todo esto, a lo largo de los a\u00f1os, hemos conseguido una relaci\u00f3n profesional s\u00f3lida y un prestigio destacado.<\/h1>\n\n\n\n<p class=\"has-white-color has-text-color has-link-color wp-elements-4386f87cf5902085c28e76abe2f06ed5\"><a href=\"https:\/\/mbaadvocats.com\/es\/la-firma\/\" data-type=\"page\" data-id=\"16\">La Firma<\/a><\/p>\n<\/div><\/div>\n\n<\/div><\/div>\n\n\n<div class=\"wp-block-cover alignfull is-light has-parallax fila--fasana\" style=\"min-height:770px;aspect-ratio:unset;\"><div class=\"wp-block-cover__image-background wp-image-240 has-parallax\" style=\"background-position:50% 50%;background-image:url(https:\/\/mbaadvocats-b4f9.kxcdn.com\/wp-content\/uploads\/2023\/03\/header-home-2.png)\"><\/div><span aria-hidden=\"true\" class=\"wp-block-cover__background has-background-dim-0 has-background-dim\"><\/span><div class=\"wp-block-cover__inner-container is-layout-flow wp-block-cover-is-layout-flow\">\n<p class=\"has-text-align-center has-large-font-size\"><\/p>\n<\/div><\/div>\n\n\n<style>.kb-row-layout-id938_fbe133-6b > .kt-row-column-wrap{align-content:start;}:where(.kb-row-layout-id938_fbe133-6b > .kt-row-column-wrap) > .wp-block-kadence-column{justify-content:start;}.kb-row-layout-id938_fbe133-6b > .kt-row-column-wrap{column-gap:var(--global-kb-gap-md, 2rem);row-gap:var(--global-kb-gap-md, 2rem);padding-top:0px;padding-bottom:0px;grid-template-columns:minmax(0, 1fr);}.kb-row-layout-id938_fbe133-6b > .kt-row-layout-overlay{opacity:0.30;}@media all and (max-width: 1024px){.kb-row-layout-id938_fbe133-6b > .kt-row-column-wrap{grid-template-columns:minmax(0, 1fr);}}@media all and (max-width: 767px){.kb-row-layout-id938_fbe133-6b > .kt-row-column-wrap{grid-template-columns:minmax(0, 1fr);}}<\/style><div class=\"kb-row-layout-wrap kb-row-layout-id938_fbe133-6b alignwide fila--general wp-block-kadence-rowlayout\"><div class=\"kt-row-column-wrap kt-has-1-columns kt-row-layout-equal kt-tab-layout-inherit kt-mobile-layout-row kt-row-valign-top\">\n<style>.kadence-column938_376447-99 > .kt-inside-inner-col,.kadence-column938_376447-99 > .kt-inside-inner-col:before{border-top-left-radius:0px;border-top-right-radius:0px;border-bottom-right-radius:0px;border-bottom-left-radius:0px;}.kadence-column938_376447-99 > .kt-inside-inner-col{column-gap:var(--global-kb-gap-sm, 1rem);}.kadence-column938_376447-99 > .kt-inside-inner-col{flex-direction:column;}.kadence-column938_376447-99 > .kt-inside-inner-col > .aligncenter{width:100%;}.kadence-column938_376447-99 > .kt-inside-inner-col:before{opacity:0.3;}.kadence-column938_376447-99{position:relative;}@media all and (max-width: 1024px){.kadence-column938_376447-99 > .kt-inside-inner-col{flex-direction:column;justify-content:center;}}@media all and (max-width: 767px){.kadence-column938_376447-99 > .kt-inside-inner-col{flex-direction:column;justify-content:center;}}<\/style>\n<div class=\"wp-block-kadence-column kadence-column938_376447-99\"><div class=\"kt-inside-inner-col\"><style>.kb-row-layout-id938_98557e-52 > .kt-row-column-wrap{align-content:start;}:where(.kb-row-layout-id938_98557e-52 > .kt-row-column-wrap) > .wp-block-kadence-column{justify-content:start;}.kb-row-layout-id938_98557e-52 > .kt-row-column-wrap{column-gap:80px;row-gap:var(--global-kb-gap-md, 2rem);padding-top:24px;padding-bottom:40px;grid-template-columns:repeat(2, minmax(0, 1fr));}.kb-row-layout-id938_98557e-52 > .kt-row-layout-overlay{opacity:0.30;}@media all and (max-width: 1024px){.kb-row-layout-id938_98557e-52 > .kt-row-column-wrap{grid-template-columns:repeat(2, minmax(0, 1fr));}}@media all and (max-width: 767px){.kb-row-layout-id938_98557e-52 > .kt-row-column-wrap{grid-template-columns:minmax(0, 1fr);}}<\/style><div class=\"kb-row-layout-wrap kb-row-layout-id938_98557e-52 alignnone wp-block-kadence-rowlayout\"><div class=\"kt-row-column-wrap kt-has-2-columns kt-row-layout-equal kt-tab-layout-inherit kt-mobile-layout-row kt-row-valign-top\">\n<style>.kadence-column938_fe097b-67 > .kt-inside-inner-col,.kadence-column938_fe097b-67 > .kt-inside-inner-col:before{border-top-left-radius:0px;border-top-right-radius:0px;border-bottom-right-radius:0px;border-bottom-left-radius:0px;}.kadence-column938_fe097b-67 > .kt-inside-inner-col{column-gap:var(--global-kb-gap-sm, 1rem);}.kadence-column938_fe097b-67 > .kt-inside-inner-col{flex-direction:column;}.kadence-column938_fe097b-67 > .kt-inside-inner-col > .aligncenter{width:100%;}.kadence-column938_fe097b-67 > .kt-inside-inner-col:before{opacity:0.3;}.kadence-column938_fe097b-67{position:relative;}@media all and (max-width: 1024px){.kadence-column938_fe097b-67 > .kt-inside-inner-col{flex-direction:column;justify-content:center;}}@media all and (max-width: 767px){.kadence-column938_fe097b-67 > .kt-inside-inner-col{flex-direction:column;justify-content:center;}}<\/style>\n<div class=\"wp-block-kadence-column kadence-column938_fe097b-67 retol--filet\"><div class=\"kt-inside-inner-col\"><style>.wp-block-kadence-spacer.kt-block-spacer-938_e3decd-bf .kt-block-spacer{height:10px;}.wp-block-kadence-spacer.kt-block-spacer-938_e3decd-bf .kt-divider{border-top-width:3px;height:1px;border-top-color:#000000;width:100%;border-top-style:solid;}<\/style>\n<div class=\"wp-block-kadence-spacer aligncenter kt-block-spacer-938_e3decd-bf filet animated slideInLeft\"><div class=\"kt-block-spacer kt-block-spacer-halign-center\"><hr class=\"kt-divider\"\/><\/div><\/div>\n\n\n<style>.wp-block-kadence-advancedheading.kt-adv-heading938_9d45fa-3b, .wp-block-kadence-advancedheading.kt-adv-heading938_9d45fa-3b[data-kb-block=\"kb-adv-heading938_9d45fa-3b\"]{font-style:normal;}.wp-block-kadence-advancedheading.kt-adv-heading938_9d45fa-3b mark.kt-highlight, .wp-block-kadence-advancedheading.kt-adv-heading938_9d45fa-3b[data-kb-block=\"kb-adv-heading938_9d45fa-3b\"] mark.kt-highlight{font-style:normal;color:#f76a0c;-webkit-box-decoration-break:clone;box-decoration-break:clone;padding-top:0px;padding-right:0px;padding-bottom:0px;padding-left:0px;}.wp-block-kadence-advancedheading.kt-adv-heading938_9d45fa-3b img.kb-inline-image, .wp-block-kadence-advancedheading.kt-adv-heading938_9d45fa-3b[data-kb-block=\"kb-adv-heading938_9d45fa-3b\"] img.kb-inline-image{width:150px;vertical-align:baseline;}<\/style>\n<h2 class=\"kt-adv-heading938_9d45fa-3b retol--positiu wp-block-kadence-advancedheading\" data-kb-block=\"kb-adv-heading938_9d45fa-3b\">Especialistas a su servicio<\/h2>\n<\/div><\/div>\n\n\n<style>.kadence-column938_3cdf3f-b0 > .kt-inside-inner-col,.kadence-column938_3cdf3f-b0 > .kt-inside-inner-col:before{border-top-left-radius:0px;border-top-right-radius:0px;border-bottom-right-radius:0px;border-bottom-left-radius:0px;}.kadence-column938_3cdf3f-b0 > .kt-inside-inner-col{column-gap:var(--global-kb-gap-sm, 1rem);}.kadence-column938_3cdf3f-b0 > .kt-inside-inner-col{flex-direction:column;}.kadence-column938_3cdf3f-b0 > .kt-inside-inner-col > .aligncenter{width:100%;}.kadence-column938_3cdf3f-b0 > .kt-inside-inner-col:before{opacity:0.3;}.kadence-column938_3cdf3f-b0{position:relative;}@media all and (max-width: 1024px){.kadence-column938_3cdf3f-b0 > .kt-inside-inner-col{flex-direction:column;justify-content:center;}}@media all and (max-width: 767px){.kadence-column938_3cdf3f-b0 > .kt-inside-inner-col{flex-direction:column;justify-content:center;}}<\/style>\n<div class=\"wp-block-kadence-column kadence-column938_3cdf3f-b0\"><div class=\"kt-inside-inner-col\">\n<p>El equipo de abogados que forma Manuel Busquet Advocats est\u00e1 especializado en el derecho mercantil (sociedades mercantiles), administrativo, urban\u00edstico, y civil, as\u00ed como en el derecho de familia y asesoramiento en sucesiones y herencias.<\/p>\n<\/div><\/div>\n\n<\/div><\/div>\n\n<div  class=\"ultp-post-grid-block wp-block-ultimate-post-post-grid-1 ultp-block-a0b261\"><div class=\"ultp-block-wrapper\"><div class=\"ultp-loading\"><div class=\"ultp-loading-blocks\" style=\"width:100%;height:100%;\"><div style=\"left: 0;top: 0;animation-delay:0s;\"><\/div><div style=\"left: 21px;top: 0;animation-delay:0.125s;\"><\/div><div style=\"left: 42px;top: 0;animation-delay:0.25s;\"><\/div><div style=\"left: 0;top: 21px;animation-delay:0.875s;\"><\/div><div style=\"left: 42px;top: 21px;animation-delay:0.375s;\"><\/div><div style=\"left: 0;top: 42px;animation-delay:0.75s;\"><\/div><div style=\"left: 42px;top: 42px;animation-delay:0.625s;\"><\/div><div style=\"left: 21px;top: 42px;animation-delay:0.5s;\"><\/div><\/div><\/div><div class=\"ultp-block-items-wrap ultp-block-row ultp-pg1a-style1 ultp-grid1-responsive ultp-block-column-4 ultp-sm-column-3 ultp-xs-column-1 ultp-layout1\"><div class=\"ultp-block-item post-id-877\"><div class=\"ultp-block-content-wrap\"><div class=\"ultp-block-image ultp-block-image-zoomIn\"><a href=\"https:\/\/mbaadvocats.com\/es\/derecho-mercantil\/\" ><img decoding=\"async\"  class=\"ultp-block-image-content\"  alt=\"Dret mercantil\"  src=\"https:\/\/mbaadvocats-b4f9.kxcdn.com\/wp-content\/uploads\/2023\/03\/dret-mercantil-1.png\" \/><\/a><\/div><div class=\"ultp-block-content\"><h3 class=\"ultp-block-title \"><a href=\"https:\/\/mbaadvocats.com\/es\/derecho-mercantil\/\" >Derecho mercantil<\/a><\/h3><\/div><\/div><\/div><div class=\"ultp-block-item post-id-865\"><div class=\"ultp-block-content-wrap\"><div class=\"ultp-block-image ultp-block-image-zoomIn\"><a href=\"https:\/\/mbaadvocats.com\/es\/derecho-administrativo\/\" ><img decoding=\"async\"  class=\"ultp-block-image-content\"  alt=\"Dret administratiu\"  src=\"https:\/\/mbaadvocats-b4f9.kxcdn.com\/wp-content\/uploads\/2023\/03\/dret-administratiu-1.png\" \/><\/a><\/div><div class=\"ultp-block-content\"><h3 class=\"ultp-block-title \"><a href=\"https:\/\/mbaadvocats.com\/es\/derecho-administrativo\/\" >Derecho administrativo<\/a><\/h3><\/div><\/div><\/div><div class=\"ultp-block-item post-id-887\"><div class=\"ultp-block-content-wrap\"><div class=\"ultp-block-image ultp-block-image-zoomIn\"><a href=\"https:\/\/mbaadvocats.com\/es\/derecho-urbanistico-derecho-inmobiliario\/\" ><img decoding=\"async\"  class=\"ultp-block-image-content\"  alt=\"Dret urban\u00edstic\"  src=\"https:\/\/mbaadvocats-b4f9.kxcdn.com\/wp-content\/uploads\/2023\/03\/dret-urbanistic-1.png\" \/><\/a><\/div><div class=\"ultp-block-content\"><h3 class=\"ultp-block-title \"><a href=\"https:\/\/mbaadvocats.com\/es\/derecho-urbanistico-derecho-inmobiliario\/\" >Derecho urban\u00edstico \/ Derecho inmobiliario<\/a><\/h3><\/div><\/div><\/div><div class=\"ultp-block-item post-id-872\"><div class=\"ultp-block-content-wrap\"><div class=\"ultp-block-image ultp-block-image-zoomIn\"><a href=\"https:\/\/mbaadvocats.com\/es\/derecho-civil\/\" ><img decoding=\"async\"  class=\"ultp-block-image-content\"  alt=\"Dret civil\"  src=\"https:\/\/mbaadvocats-b4f9.kxcdn.com\/wp-content\/uploads\/2023\/03\/dret-civil-1.png\" \/><\/a><\/div><div class=\"ultp-block-content\"><h3 class=\"ultp-block-title \"><a href=\"https:\/\/mbaadvocats.com\/es\/derecho-civil\/\" >Derecho civil<\/a><\/h3><\/div><\/div><\/div><div class=\"ultp-block-item post-id-897\"><div class=\"ultp-block-content-wrap\"><div class=\"ultp-block-image ultp-block-image-zoomIn\"><a href=\"https:\/\/mbaadvocats.com\/es\/incendios-y-responsabilidad-civil\/\" ><img decoding=\"async\"  class=\"ultp-block-image-content\"  alt=\"Incendis i responsabilitat civil\"  src=\"https:\/\/mbaadvocats-b4f9.kxcdn.com\/wp-content\/uploads\/2023\/03\/incendis-responsabilitat-civil-1.png\" \/><\/a><\/div><div class=\"ultp-block-content\"><h3 class=\"ultp-block-title \"><a href=\"https:\/\/mbaadvocats.com\/es\/incendios-y-responsabilidad-civil\/\" >Incendios y responsabilidad civil<\/a><\/h3><\/div><\/div><\/div><div class=\"ultp-block-item post-id-892\"><div class=\"ultp-block-content-wrap\"><div class=\"ultp-block-image ultp-block-image-zoomIn\"><a href=\"https:\/\/mbaadvocats.com\/es\/familia-y-sucesiones\/\" ><img decoding=\"async\"  class=\"ultp-block-image-content\"  alt=\"Fam\u00edlia i successions\"  src=\"https:\/\/mbaadvocats-b4f9.kxcdn.com\/wp-content\/uploads\/2023\/03\/familia-successions-1.png\" \/><\/a><\/div><div class=\"ultp-block-content\"><h3 class=\"ultp-block-title \"><a href=\"https:\/\/mbaadvocats.com\/es\/familia-y-sucesiones\/\" >Familia y sucesiones<\/a><\/h3><\/div><\/div><\/div><div class=\"ultp-block-item post-id-882\"><div class=\"ultp-block-content-wrap\"><div class=\"ultp-block-image ultp-block-image-zoomIn\"><a href=\"https:\/\/mbaadvocats.com\/es\/derecho-procesal-procedimientos-frente-a-tribunales\/\" ><img decoding=\"async\"  class=\"ultp-block-image-content\"  alt=\"Dret processal civil i mercantil\"  src=\"https:\/\/mbaadvocats-b4f9.kxcdn.com\/wp-content\/uploads\/2023\/03\/dret-processal-1.png\" \/><\/a><\/div><div class=\"ultp-block-content\"><h3 class=\"ultp-block-title \"><a href=\"https:\/\/mbaadvocats.com\/es\/derecho-procesal-procedimientos-frente-a-tribunales\/\" >Derecho procesal. Procedimientos frente a tribunales<\/a><\/h3><\/div><\/div><\/div><\/div><\/div><div class=\"pagination-block-html\" aria-hidden=\"true\" style=\"display: none;\"><\/div><\/div><\/div><\/div>\n\n<\/div><\/div>\n\n\n<div class=\"wp-block-genesis-blocks-gb-container alignfull prefooter gb-block-container\"><div class=\"gb-container-inside\"><div class=\"gb-container-content\"><style>.kb-row-layout-id_638ca1-39 > .kt-row-column-wrap{align-content:start;}:where(.kb-row-layout-id_638ca1-39 > .kt-row-column-wrap) > .wp-block-kadence-column{justify-content:start;}.kb-row-layout-id_638ca1-39 > .kt-row-column-wrap{column-gap:80px;row-gap:var(--global-kb-gap-md, 2rem);padding-top:0px;padding-bottom:0px;grid-template-columns:repeat(2, minmax(0, 1fr));}.kb-row-layout-id_638ca1-39 > .kt-row-layout-overlay{opacity:0.30;}@media all and (max-width: 1024px){.kb-row-layout-id_638ca1-39 > .kt-row-column-wrap{grid-template-columns:repeat(2, minmax(0, 1fr));}}@media all and (max-width: 767px){.kb-row-layout-id_638ca1-39 > .kt-row-column-wrap{grid-template-columns:minmax(0, 1fr);}}<\/style><div class=\"kb-row-layout-wrap kb-row-layout-id_638ca1-39 alignwide fila--general wp-block-kadence-rowlayout\"><div class=\"kt-row-column-wrap kt-has-2-columns kt-row-layout-equal kt-tab-layout-inherit kt-mobile-layout-row kt-row-valign-top\">\n<style>.kadence-column_1eb3e5-cc > .kt-inside-inner-col,.kadence-column_1eb3e5-cc > .kt-inside-inner-col:before{border-top-left-radius:0px;border-top-right-radius:0px;border-bottom-right-radius:0px;border-bottom-left-radius:0px;}.kadence-column_1eb3e5-cc > .kt-inside-inner-col{column-gap:var(--global-kb-gap-sm, 1rem);}.kadence-column_1eb3e5-cc > .kt-inside-inner-col{flex-direction:column;}.kadence-column_1eb3e5-cc > .kt-inside-inner-col > .aligncenter{width:100%;}.kadence-column_1eb3e5-cc > .kt-inside-inner-col:before{opacity:0.3;}.kadence-column_1eb3e5-cc{position:relative;}@media all and (max-width: 1024px){.kadence-column_1eb3e5-cc > .kt-inside-inner-col{flex-direction:column;justify-content:center;}}@media all and (max-width: 767px){.kadence-column_1eb3e5-cc > .kt-inside-inner-col{flex-direction:column;justify-content:center;}}<\/style>\n<div class=\"wp-block-kadence-column kadence-column_1eb3e5-cc\"><div class=\"kt-inside-inner-col\"><style>.wp-block-kadence-spacer.kt-block-spacer-_6cea7c-1d .kt-block-spacer{height:10px;}.wp-block-kadence-spacer.kt-block-spacer-_6cea7c-1d .kt-divider{border-top-width:3px;height:1px;border-top-color:#000000;width:100%;border-top-style:solid;}<\/style>\n<div class=\"wp-block-kadence-spacer aligncenter kt-block-spacer-_6cea7c-1d filet animated slideInLeft\"><div class=\"kt-block-spacer kt-block-spacer-halign-center\"><hr class=\"kt-divider\"\/><\/div><\/div>\n\n\n<style>.wp-block-kadence-advancedheading.kt-adv-heading_faf751-e4, .wp-block-kadence-advancedheading.kt-adv-heading_faf751-e4[data-kb-block=\"kb-adv-heading_faf751-e4\"]{font-style:normal;}.wp-block-kadence-advancedheading.kt-adv-heading_faf751-e4 mark.kt-highlight, .wp-block-kadence-advancedheading.kt-adv-heading_faf751-e4[data-kb-block=\"kb-adv-heading_faf751-e4\"] mark.kt-highlight{font-style:normal;color:#f76a0c;-webkit-box-decoration-break:clone;box-decoration-break:clone;padding-top:0px;padding-right:0px;padding-bottom:0px;padding-left:0px;}.wp-block-kadence-advancedheading.kt-adv-heading_faf751-e4 img.kb-inline-image, .wp-block-kadence-advancedheading.kt-adv-heading_faf751-e4[data-kb-block=\"kb-adv-heading_faf751-e4\"] img.kb-inline-image{width:150px;vertical-align:baseline;}<\/style>\n<h2 class=\"kt-adv-heading_faf751-e4 retol--filet wp-block-kadence-advancedheading\" data-kb-block=\"kb-adv-heading_faf751-e4\">Miembros de<\/h2>\n\n\n\n<p><a href=\"https:\/\/www.uae.lu\/\" target=\"_blank\" rel=\"noreferrer noopener\">Uni\u00f3 d&#8217;Advocats Europeus<\/a><br><a href=\"https:\/\/www.icam.net\/\" target=\"_blank\" rel=\"noreferrer noopener\">Il\u00b7lustre Col\u00b7legi d&#8217;Advocats de Manresa<\/a><br><a href=\"https:\/\/www.icab.cat\/ca\/\" target=\"_blank\" rel=\"noreferrer noopener\">Il\u00b7lustre Col\u00b7legi d&#8217;Advocats de Barcelona<\/a><\/p>\n\n\n<style>.wp-block-kadence-spacer.kt-block-spacer-_5824fa-3e .kt-block-spacer{height:10px;}.wp-block-kadence-spacer.kt-block-spacer-_5824fa-3e .kt-divider{border-top-width:3px;height:1px;border-top-color:#000000;width:100%;border-top-style:solid;}<\/style>\n<div class=\"wp-block-kadence-spacer aligncenter kt-block-spacer-_5824fa-3e filet animated slideInLeft\"><div class=\"kt-block-spacer kt-block-spacer-halign-center\"><hr class=\"kt-divider\"\/><\/div><\/div>\n\n\n<style>.wp-block-kadence-advancedheading.kt-adv-heading_dfb26d-25, .wp-block-kadence-advancedheading.kt-adv-heading_dfb26d-25[data-kb-block=\"kb-adv-heading_dfb26d-25\"]{font-style:normal;}.wp-block-kadence-advancedheading.kt-adv-heading_dfb26d-25 mark.kt-highlight, .wp-block-kadence-advancedheading.kt-adv-heading_dfb26d-25[data-kb-block=\"kb-adv-heading_dfb26d-25\"] mark.kt-highlight{font-style:normal;color:#f76a0c;-webkit-box-decoration-break:clone;box-decoration-break:clone;padding-top:0px;padding-right:0px;padding-bottom:0px;padding-left:0px;}.wp-block-kadence-advancedheading.kt-adv-heading_dfb26d-25 img.kb-inline-image, .wp-block-kadence-advancedheading.kt-adv-heading_dfb26d-25[data-kb-block=\"kb-adv-heading_dfb26d-25\"] img.kb-inline-image{width:150px;vertical-align:baseline;}<\/style>\n<h2 class=\"kt-adv-heading_dfb26d-25 retol--filet wp-block-kadence-advancedheading\" data-kb-block=\"kb-adv-heading_dfb26d-25\">Enlaces de inter\u00e9s<\/h2>\n\n\n\n<p><a href=\"https:\/\/www.uab.cat\/\" target=\"_blank\" rel=\"noreferrer noopener\">Universitat Aut\u00f2noma de Barcelona<br><\/a><a href=\"https:\/\/www.liceubarcelona.cat\/\" target=\"_blank\" rel=\"noreferrer noopener\">Gran Teatre del Liceu<\/a><\/p>\n<\/div><\/div>\n\n\n<style>.kadence-column_5023ee-f0 > .kt-inside-inner-col,.kadence-column_5023ee-f0 > .kt-inside-inner-col:before{border-top-left-radius:0px;border-top-right-radius:0px;border-bottom-right-radius:0px;border-bottom-left-radius:0px;}.kadence-column_5023ee-f0 > .kt-inside-inner-col{column-gap:var(--global-kb-gap-sm, 1rem);}.kadence-column_5023ee-f0 > .kt-inside-inner-col{flex-direction:column;}.kadence-column_5023ee-f0 > .kt-inside-inner-col > .aligncenter{width:100%;}.kadence-column_5023ee-f0 > .kt-inside-inner-col:before{opacity:0.3;}.kadence-column_5023ee-f0{position:relative;}@media all and (max-width: 1024px){.kadence-column_5023ee-f0 > .kt-inside-inner-col{flex-direction:column;justify-content:center;}}@media all and (max-width: 767px){.kadence-column_5023ee-f0 > .kt-inside-inner-col{flex-direction:column;justify-content:center;}}<\/style>\n<div class=\"wp-block-kadence-column kadence-column_5023ee-f0\"><div class=\"kt-inside-inner-col\">\n<figure class=\"wp-block-image size-full imatge--subhome\"><img loading=\"lazy\" decoding=\"async\" width=\"1098\" height=\"1556\" src=\"https:\/\/mbaadvocats-b4f9.kxcdn.com\/wp-content\/uploads\/2023\/03\/prefooter.png\" alt=\"Enlla\u00e7os d'inter\u00e8s i copatrocinis\" class=\"wp-image-286\" srcset=\"https:\/\/mbaadvocats-b4f9.kxcdn.com\/wp-content\/uploads\/2023\/03\/prefooter.png 1098w, https:\/\/mbaadvocats-b4f9.kxcdn.com\/wp-content\/uploads\/2023\/03\/prefooter-768x1088.png 768w, https:\/\/mbaadvocats-b4f9.kxcdn.com\/wp-content\/uploads\/2023\/03\/prefooter-1084x1536.png 1084w, https:\/\/mbaadvocats-b4f9.kxcdn.com\/wp-content\/uploads\/2023\/03\/prefooter-300x425.png 300w\" sizes=\"auto, (max-width: 1098px) 100vw, 1098px\" \/><\/figure>\n<\/div><\/div>\n\n<\/div><\/div><\/div><\/div><\/div>\n","protected":false},"excerpt":{"rendered":"<p>Desde 1988, en Manuel Busquet Advocats nos dedicamos a ofrecer los mejores servicios jur\u00eddicos a nuestros clientes, caracterizados por su alto nivel de exigencia.<\/p>\n","protected":false},"author":1,"featured_media":0,"parent":0,"menu_order":0,"comment_status":"closed","ping_status":"closed","template":"templates\/template-builder.php","meta":{"inline_featured_image":false,"footnotes":""},"class_list":["post-938","page","type-page","status-publish","hentry","post","without-featured-image"],"featured_image_src":null,"featured_image_src_square":null,"_links":{"self":[{"href":"https:\/\/mbaadvocats.com\/es\/wp-json\/wp\/v2\/pages\/938","targetHints":{"allow":["GET"]}}],"collection":[{"href":"https:\/\/mbaadvocats.com\/es\/wp-json\/wp\/v2\/pages"}],"about":[{"href":"https:\/\/mbaadvocats.com\/es\/wp-json\/wp\/v2\/types\/page"}],"author":[{"embeddable":true,"href":"https:\/\/mbaadvocats.com\/es\/wp-json\/wp\/v2\/users\/1"}],"replies":[{"embeddable":true,"href":"https:\/\/mbaadvocats.com\/es\/wp-json\/wp\/v2\/comments?post=938"}],"version-history":[{"count":16,"href":"https:\/\/mbaadvocats.com\/es\/wp-json\/wp\/v2\/pages\/938\/revisions"}],"predecessor-version":[{"id":1289,"href":"https:\/\/mbaadvocats.com\/es\/wp-json\/wp\/v2\/pages\/938\/revisions\/1289"}],"wp:attachment":[{"href":"https:\/\/mbaadvocats.com\/es\/wp-json\/wp\/v2\/media?parent=938"}],"curies":[{"name":"wp","href":"https:\/\/api.w.org\/{rel}","templated":true}]}}